{"id":33,"date":"2020-11-21T18:51:11","date_gmt":"2020-11-21T17:51:11","guid":{"rendered":"https:\/\/www.kungfuclusone.it\/?page_id=33"},"modified":"2020-11-21T18:51:28","modified_gmt":"2020-11-21T17:51:28","slug":"tai-chi-chuan","status":"publish","type":"page","link":"https:\/\/www.kungfuclusone.it\/index.php\/kungfu\/tai-chi-chuan\/","title":{"rendered":"Tai Chi chuan"},"content":{"rendered":"\n<h3 class=\"wp-block-heading\">COS&#8217;E&#8217; IL TAl CHI CHUAN:<\/h3>\n\n\n\n<p><br><strong>Il TAl CHI CHUAN \u00e8 il pi\u00f9 noto degli stili interni.<\/strong><\/p>\n\n\n\n<p><strong><br>Letteralmente TAl CHI CHUAN significa&#8221; Boxe (Chuan)&nbsp;della Suprema (Tai) Polarit\u00e0 (Chi) &#8220;.<\/strong><\/p>\n\n\n\n<p>Il nome indica che&nbsp; il Tai Chi Chuan \u00e8 un&#8217;Arte Marziale (boxe) che si basa sulle leggi che regolano l&#8217;interazione e l&#8217;alternarsi di quelli che sono, secondo il pensiero filosofico cinese, i due &#8220;poli&#8221; o principi base dell&#8217;universo:&nbsp; Yin ( principio negativo) e Yang ( principio positivo)<\/p>\n\n\n\n<p><strong>Quindi il TAl CHI CHUAN \u00e8&nbsp; un&#8217;efficace arte marziale che d\u00e0 la possibilit\u00e0 di difendersi sfruttando a proprio<br>vantaggio la forza dell&#8217;aggressore. E&#8217; importante sottolineare che nonostante la sua efficacia il TAl CHI<br>CHUAN non prevede mai la sopraffazione violenta dell&#8217;avversario, ma piuttosto la sua neutralizzazione<br>attraverso il controllo.<\/strong><\/p>\n\n\n\n<p><br>Per secoli il TAl CHI CHUAN rimase segreto ed insegnato esclusivamente a pochi privilegiati. All&#8217;inizio del<br>novecento il grande Maestro YANG CHENG FU ( 1883 &#8211; 1936 ) ebbe il merito di diffonderlo in tutta la Cina come forma di<br>ginnastica per la salute fisica e mentale.<\/p>\n\n\n\n<p><strong><br>Il successo fu enorme e oggi milioni di cinesi praticano giornalmente questo esercizio che \u00e8 considerato<br>uno dei metodi migliori per mantenere la salute, tanto da meritarsi l&#8217;appellativo di &#8220;ginnastica di lunga vita&#8221;.<\/strong><\/p>\n\n\n\n<p><strong><br>Il TAl CHI CHUAN inoltre \u00e8 un&#8217;efficace mezzo di distensione e rilassamento che aiuta a sviluppare la<br>concentrazione mentale e a combattere tutte le forme di stress tipiche del nostro cosidetto &#8220;vivere moderno&#8221;.<\/strong><\/p>\n\n\n\n<p><strong><br>La Medicina Tradizionale Cinese consiglia la pratica del TAl CHI CHUAN a tutti senza limiti di et\u00e0.<\/strong><\/p>\n","protected":false},"excerpt":{"rendered":"<p>COS&#8217;E&#8217; IL TAl CHI CHUAN: Il TAl CHI CHUAN \u00e8 il pi\u00f9 noto degli stili interni. Letteralmente TAl CHI CHUAN significa&#8221; Boxe (Chuan)&nbsp;della Suprema (Tai) Polarit\u00e0 (Chi) &#8220;. Il nome indica che&nbsp; il Tai Chi Chuan \u00e8 un&#8217;Arte Marziale (boxe) che si basa sulle leggi che regolano l&#8217;interazione e l&#8217;alternarsi di quelli che sono, secondo [&hellip;]<\/p>\n","protected":false},"author":1,"featured_media":0,"parent":29,"menu_order":0,"comment_status":"closed","ping_status":"closed","template":"","meta":{"footnotes":""},"class_list":["post-33","page","type-page","status-publish","hentry","entry"],"yoast_head":"<!-- This site is optimized with the Yoast SEO plugin v26.5 - https:\/\/yoast.com\/wordpress\/plugins\/seo\/ -->\n<title>Tai Chi chuan - kunfuclusone<\/title>\n<meta name=\"robots\" content=\"index, follow, max-snippet:-1, max-image-preview:large, max-video-preview:-1\" \/>\n<link rel=\"canonical\" href=\"https:\/\/www.kungfuclusone.it\/index.php\/kungfu\/tai-chi-chuan\/\" \/>\n<meta property=\"og:locale\" content=\"it_IT\" \/>\n<meta property=\"og:type\" content=\"article\" \/>\n<meta property=\"og:title\" content=\"Tai Chi chuan - kunfuclusone\" \/>\n<meta property=\"og:description\" content=\"COS&#8217;E&#8217; IL TAl CHI CHUAN: Il TAl CHI CHUAN \u00e8 il pi\u00f9 noto degli stili interni. Letteralmente TAl CHI CHUAN significa&#8221; Boxe (Chuan)&nbsp;della Suprema (Tai) Polarit\u00e0 (Chi) &#8220;. Il nome indica che&nbsp; il Tai Chi Chuan \u00e8 un&#8217;Arte Marziale (boxe) che si basa sulle leggi che regolano l&#8217;interazione e l&#8217;alternarsi di quelli che sono, secondo [&hellip;]\" \/>\n<meta property=\"og:url\" content=\"https:\/\/www.kungfuclusone.it\/index.php\/kungfu\/tai-chi-chuan\/\" \/>\n<meta property=\"og:site_name\" content=\"kunfuclusone\" \/>\n<meta property=\"article:modified_time\" content=\"2020-11-21T17:51:28+00:00\" \/>\n<meta name=\"twitter:card\" content=\"summary_large_image\" \/>\n<meta name=\"twitter:label1\" content=\"Tempo di lettura stimato\" \/>\n\t<meta name=\"twitter:data1\" content=\"1 minuto\" \/>\n<script type=\"application\/ld+json\" class=\"yoast-schema-graph\">{\"@context\":\"https:\/\/schema.org\",\"@graph\":[{\"@type\":\"WebPage\",\"@id\":\"https:\/\/www.kungfuclusone.it\/index.php\/kungfu\/tai-chi-chuan\/\",\"url\":\"https:\/\/www.kungfuclusone.it\/index.php\/kungfu\/tai-chi-chuan\/\",\"name\":\"Tai Chi chuan - kunfuclusone\",\"isPartOf\":{\"@id\":\"https:\/\/www.kungfuclusone.it\/#website\"},\"datePublished\":\"2020-11-21T17:51:11+00:00\",\"dateModified\":\"2020-11-21T17:51:28+00:00\",\"breadcrumb\":{\"@id\":\"https:\/\/www.kungfuclusone.it\/index.php\/kungfu\/tai-chi-chuan\/#breadcrumb\"},\"inLanguage\":\"it-IT\",\"potentialAction\":[{\"@type\":\"ReadAction\",\"target\":[\"https:\/\/www.kungfuclusone.it\/index.php\/kungfu\/tai-chi-chuan\/\"]}]},{\"@type\":\"BreadcrumbList\",\"@id\":\"https:\/\/www.kungfuclusone.it\/index.php\/kungfu\/tai-chi-chuan\/#breadcrumb\",\"itemListElement\":[{\"@type\":\"ListItem\",\"position\":1,\"name\":\"Home\",\"item\":\"https:\/\/www.kungfuclusone.it\/\"},{\"@type\":\"ListItem\",\"position\":2,\"name\":\"KungFu\",\"item\":\"https:\/\/www.kungfuclusone.it\/index.php\/kungfu\/\"},{\"@type\":\"ListItem\",\"position\":3,\"name\":\"Tai Chi chuan\"}]},{\"@type\":\"WebSite\",\"@id\":\"https:\/\/www.kungfuclusone.it\/#website\",\"url\":\"https:\/\/www.kungfuclusone.it\/\",\"name\":\"kunfuclusone\",\"description\":\"Scuola di kungfu a Clusone\",\"potentialAction\":[{\"@type\":\"SearchAction\",\"target\":{\"@type\":\"EntryPoint\",\"urlTemplate\":\"https:\/\/www.kungfuclusone.it\/?s={search_term_string}\"},\"query-input\":{\"@type\":\"PropertyValueSpecification\",\"valueRequired\":true,\"valueName\":\"search_term_string\"}}],\"inLanguage\":\"it-IT\"}]}<\/script>\n<!-- \/ Yoast SEO plugin. -->","yoast_head_json":{"title":"Tai Chi chuan - kunfuclusone","robots":{"index":"index","follow":"follow","max-snippet":"max-snippet:-1","max-image-preview":"max-image-preview:large","max-video-preview":"max-video-preview:-1"},"canonical":"https:\/\/www.kungfuclusone.it\/index.php\/kungfu\/tai-chi-chuan\/","og_locale":"it_IT","og_type":"article","og_title":"Tai Chi chuan - kunfuclusone","og_description":"COS&#8217;E&#8217; IL TAl CHI CHUAN: Il TAl CHI CHUAN \u00e8 il pi\u00f9 noto degli stili interni. Letteralmente TAl CHI CHUAN significa&#8221; Boxe (Chuan)&nbsp;della Suprema (Tai) Polarit\u00e0 (Chi) &#8220;. Il nome indica che&nbsp; il Tai Chi Chuan \u00e8 un&#8217;Arte Marziale (boxe) che si basa sulle leggi che regolano l&#8217;interazione e l&#8217;alternarsi di quelli che sono, secondo [&hellip;]","og_url":"https:\/\/www.kungfuclusone.it\/index.php\/kungfu\/tai-chi-chuan\/","og_site_name":"kunfuclusone","article_modified_time":"2020-11-21T17:51:28+00:00","twitter_card":"summary_large_image","twitter_misc":{"Tempo di lettura stimato":"1 minuto"},"schema":{"@context":"https:\/\/schema.org","@graph":[{"@type":"WebPage","@id":"https:\/\/www.kungfuclusone.it\/index.php\/kungfu\/tai-chi-chuan\/","url":"https:\/\/www.kungfuclusone.it\/index.php\/kungfu\/tai-chi-chuan\/","name":"Tai Chi chuan - kunfuclusone","isPartOf":{"@id":"https:\/\/www.kungfuclusone.it\/#website"},"datePublished":"2020-11-21T17:51:11+00:00","dateModified":"2020-11-21T17:51:28+00:00","breadcrumb":{"@id":"https:\/\/www.kungfuclusone.it\/index.php\/kungfu\/tai-chi-chuan\/#breadcrumb"},"inLanguage":"it-IT","potentialAction":[{"@type":"ReadAction","target":["https:\/\/www.kungfuclusone.it\/index.php\/kungfu\/tai-chi-chuan\/"]}]},{"@type":"BreadcrumbList","@id":"https:\/\/www.kungfuclusone.it\/index.php\/kungfu\/tai-chi-chuan\/#breadcrumb","itemListElement":[{"@type":"ListItem","position":1,"name":"Home","item":"https:\/\/www.kungfuclusone.it\/"},{"@type":"ListItem","position":2,"name":"KungFu","item":"https:\/\/www.kungfuclusone.it\/index.php\/kungfu\/"},{"@type":"ListItem","position":3,"name":"Tai Chi chuan"}]},{"@type":"WebSite","@id":"https:\/\/www.kungfuclusone.it\/#website","url":"https:\/\/www.kungfuclusone.it\/","name":"kunfuclusone","description":"Scuola di kungfu a Clusone","potentialAction":[{"@type":"SearchAction","target":{"@type":"EntryPoint","urlTemplate":"https:\/\/www.kungfuclusone.it\/?s={search_term_string}"},"query-input":{"@type":"PropertyValueSpecification","valueRequired":true,"valueName":"search_term_string"}}],"inLanguage":"it-IT"}]}},"_links":{"self":[{"href":"https:\/\/www.kungfuclusone.it\/index.php\/wp-json\/wp\/v2\/pages\/33","targetHints":{"allow":["GET"]}}],"collection":[{"href":"https:\/\/www.kungfuclusone.it\/index.php\/wp-json\/wp\/v2\/pages"}],"about":[{"href":"https:\/\/www.kungfuclusone.it\/index.php\/wp-json\/wp\/v2\/types\/page"}],"author":[{"embeddable":true,"href":"https:\/\/www.kungfuclusone.it\/index.php\/wp-json\/wp\/v2\/users\/1"}],"replies":[{"embeddable":true,"href":"https:\/\/www.kungfuclusone.it\/index.php\/wp-json\/wp\/v2\/comments?post=33"}],"version-history":[{"count":1,"href":"https:\/\/www.kungfuclusone.it\/index.php\/wp-json\/wp\/v2\/pages\/33\/revisions"}],"predecessor-version":[{"id":34,"href":"https:\/\/www.kungfuclusone.it\/index.php\/wp-json\/wp\/v2\/pages\/33\/revisions\/34"}],"up":[{"embeddable":true,"href":"https:\/\/www.kungfuclusone.it\/index.php\/wp-json\/wp\/v2\/pages\/29"}],"wp:attachment":[{"href":"https:\/\/www.kungfuclusone.it\/index.php\/wp-json\/wp\/v2\/media?parent=33"}],"curies":[{"name":"wp","href":"https:\/\/api.w.org\/{rel}","templated":true}]}}