{"id":29,"date":"2020-11-21T18:49:18","date_gmt":"2020-11-21T17:49:18","guid":{"rendered":"https:\/\/www.kungfuclusone.it\/?page_id=29"},"modified":"2020-12-18T00:17:16","modified_gmt":"2020-12-17T23:17:16","slug":"kungfu","status":"publish","type":"page","link":"https:\/\/www.kungfuclusone.it\/index.php\/kungfu\/","title":{"rendered":"KungFu"},"content":{"rendered":"\n<h3 class=\"wp-block-heading\">COS&#8217;E&#8217; IL KUNG FU:<\/h3>\n\n\n\n<p><br><strong>Il termine &#8220;KUNG FU&#8221; letteralmente significa &#8220;lavoro eseguito con abilit\u00e0&#8221; ed \u00e8 proprio questa l&#8217;essenza di questa arte dove ogni cosa, dalla pi\u00f9 semplice alla pi\u00f9 complessa, viene studiata e allenata per il raggiungimento di una sempre maggiore &#8220;abilit\u00e0&#8221;. Questa\u00a0si manifesta esteriormente nell&#8217;atto atletico e interiormente nella capacit\u00e0 del praticante di esprimere una dimensione energetica.<\/strong><\/p>\n\n\n\n<p><strong><br>Attualmente si intende con il termine Kung Fu l&#8217;insieme di tutte le <a href=\"http:\/\/www.kungfuclusone.it\">Arti Marziali Tradizionali Cinesi<\/a>.<\/strong><\/p>\n\n\n\n<p><strong><br>In prima approssimazione possiamo dividere le Arti Marziali Tradizionali Cinesi in due gruppi o sistemi:<br>\u00b7&#8221;WAI CH&#8217;lA&#8221; sistema degli stili esterni, nei quali vengono esaltate le caratteristiche di forza, velocita&#8217;,<br>acrobazia e potenza (caratteristiche esterne in quanto &#8220;visibili&#8221;).<\/strong><\/p>\n\n\n\n<p><strong><br>\u00b7&#8221;NEI CH&#8217;lA&#8221; sistema degli stili Interni, nei quali si esaltano le caratteristiche di morbidezza, rilassamento,<br>controllo della respirazione, concentrazione e sviluppo dell&#8217;energia interiore (caratteristiche interne perch\u00e9<br>non visibili).<\/strong><\/p>\n","protected":false},"excerpt":{"rendered":"<p>COS&#8217;E&#8217; IL KUNG FU: Il termine &#8220;KUNG FU&#8221; letteralmente significa &#8220;lavoro eseguito con abilit\u00e0&#8221; ed \u00e8 proprio questa l&#8217;essenza di questa arte dove ogni cosa, dalla pi\u00f9 semplice alla pi\u00f9 complessa, viene studiata e allenata per il raggiungimento di una sempre maggiore &#8220;abilit\u00e0&#8221;. Questa\u00a0si manifesta esteriormente nell&#8217;atto atletico e interiormente nella capacit\u00e0 del praticante di [&hellip;]<\/p>\n","protected":false},"author":1,"featured_media":0,"parent":0,"menu_order":3,"comment_status":"closed","ping_status":"closed","template":"","meta":{"footnotes":""},"class_list":["post-29","page","type-page","status-publish","hentry","entry"],"yoast_head":"<!-- This site is optimized with the Yoast SEO plugin v26.5 - https:\/\/yoast.com\/wordpress\/plugins\/seo\/ -->\n<title>Kungfu Clusone, il kung fu non \u00e8 solo l&#039;arte del combattimento<\/title>\n<meta name=\"description\" content=\"Letteralmente kung fu significa &quot;lavoro eseguito con abilit\u00e0 &quot; ma anche l&#039;insieme di tutte le Arti Marziali Tradizionali Cinesi.\" \/>\n<meta name=\"robots\" content=\"index, follow, max-snippet:-1, max-image-preview:large, max-video-preview:-1\" \/>\n<link rel=\"canonical\" href=\"https:\/\/www.kungfuclusone.it\/index.php\/kungfu\/\" \/>\n<meta property=\"og:locale\" content=\"it_IT\" \/>\n<meta property=\"og:type\" content=\"article\" \/>\n<meta property=\"og:title\" content=\"Kungfu Clusone, il kung fu non \u00e8 solo l&#039;arte del combattimento\" \/>\n<meta property=\"og:description\" content=\"Letteralmente kung fu significa &quot;lavoro eseguito con abilit\u00e0 &quot; ma anche l&#039;insieme di tutte le Arti Marziali Tradizionali Cinesi.\" \/>\n<meta property=\"og:url\" content=\"https:\/\/www.kungfuclusone.it\/index.php\/kungfu\/\" \/>\n<meta property=\"og:site_name\" content=\"kunfuclusone\" \/>\n<meta property=\"article:modified_time\" content=\"2020-12-17T23:17:16+00:00\" \/>\n<meta name=\"twitter:card\" content=\"summary_large_image\" \/>\n<meta name=\"twitter:label1\" content=\"Tempo di lettura stimato\" \/>\n\t<meta name=\"twitter:data1\" content=\"1 minuto\" \/>\n<script type=\"application\/ld+json\" class=\"yoast-schema-graph\">{\"@context\":\"https:\/\/schema.org\",\"@graph\":[{\"@type\":\"WebPage\",\"@id\":\"https:\/\/www.kungfuclusone.it\/index.php\/kungfu\/\",\"url\":\"https:\/\/www.kungfuclusone.it\/index.php\/kungfu\/\",\"name\":\"Kungfu Clusone, il kung fu non \u00e8 solo l'arte del combattimento\",\"isPartOf\":{\"@id\":\"https:\/\/www.kungfuclusone.it\/#website\"},\"datePublished\":\"2020-11-21T17:49:18+00:00\",\"dateModified\":\"2020-12-17T23:17:16+00:00\",\"description\":\"Letteralmente kung fu significa \\\"lavoro eseguito con abilit\u00e0 \\\" ma anche l'insieme di tutte le Arti Marziali Tradizionali Cinesi.\",\"breadcrumb\":{\"@id\":\"https:\/\/www.kungfuclusone.it\/index.php\/kungfu\/#breadcrumb\"},\"inLanguage\":\"it-IT\",\"potentialAction\":[{\"@type\":\"ReadAction\",\"target\":[\"https:\/\/www.kungfuclusone.it\/index.php\/kungfu\/\"]}]},{\"@type\":\"BreadcrumbList\",\"@id\":\"https:\/\/www.kungfuclusone.it\/index.php\/kungfu\/#breadcrumb\",\"itemListElement\":[{\"@type\":\"ListItem\",\"position\":1,\"name\":\"Home\",\"item\":\"https:\/\/www.kungfuclusone.it\/\"},{\"@type\":\"ListItem\",\"position\":2,\"name\":\"KungFu\"}]},{\"@type\":\"WebSite\",\"@id\":\"https:\/\/www.kungfuclusone.it\/#website\",\"url\":\"https:\/\/www.kungfuclusone.it\/\",\"name\":\"kunfuclusone\",\"description\":\"Scuola di kungfu a Clusone\",\"potentialAction\":[{\"@type\":\"SearchAction\",\"target\":{\"@type\":\"EntryPoint\",\"urlTemplate\":\"https:\/\/www.kungfuclusone.it\/?s={search_term_string}\"},\"query-input\":{\"@type\":\"PropertyValueSpecification\",\"valueRequired\":true,\"valueName\":\"search_term_string\"}}],\"inLanguage\":\"it-IT\"}]}<\/script>\n<!-- \/ Yoast SEO plugin. -->","yoast_head_json":{"title":"Kungfu Clusone, il kung fu non \u00e8 solo l'arte del combattimento","description":"Letteralmente kung fu significa \"lavoro eseguito con abilit\u00e0 \" ma anche l'insieme di tutte le Arti Marziali Tradizionali Cinesi.","robots":{"index":"index","follow":"follow","max-snippet":"max-snippet:-1","max-image-preview":"max-image-preview:large","max-video-preview":"max-video-preview:-1"},"canonical":"https:\/\/www.kungfuclusone.it\/index.php\/kungfu\/","og_locale":"it_IT","og_type":"article","og_title":"Kungfu Clusone, il kung fu non \u00e8 solo l'arte del combattimento","og_description":"Letteralmente kung fu significa \"lavoro eseguito con abilit\u00e0 \" ma anche l'insieme di tutte le Arti Marziali Tradizionali Cinesi.","og_url":"https:\/\/www.kungfuclusone.it\/index.php\/kungfu\/","og_site_name":"kunfuclusone","article_modified_time":"2020-12-17T23:17:16+00:00","twitter_card":"summary_large_image","twitter_misc":{"Tempo di lettura stimato":"1 minuto"},"schema":{"@context":"https:\/\/schema.org","@graph":[{"@type":"WebPage","@id":"https:\/\/www.kungfuclusone.it\/index.php\/kungfu\/","url":"https:\/\/www.kungfuclusone.it\/index.php\/kungfu\/","name":"Kungfu Clusone, il kung fu non \u00e8 solo l'arte del combattimento","isPartOf":{"@id":"https:\/\/www.kungfuclusone.it\/#website"},"datePublished":"2020-11-21T17:49:18+00:00","dateModified":"2020-12-17T23:17:16+00:00","description":"Letteralmente kung fu significa \"lavoro eseguito con abilit\u00e0 \" ma anche l'insieme di tutte le Arti Marziali Tradizionali Cinesi.","breadcrumb":{"@id":"https:\/\/www.kungfuclusone.it\/index.php\/kungfu\/#breadcrumb"},"inLanguage":"it-IT","potentialAction":[{"@type":"ReadAction","target":["https:\/\/www.kungfuclusone.it\/index.php\/kungfu\/"]}]},{"@type":"BreadcrumbList","@id":"https:\/\/www.kungfuclusone.it\/index.php\/kungfu\/#breadcrumb","itemListElement":[{"@type":"ListItem","position":1,"name":"Home","item":"https:\/\/www.kungfuclusone.it\/"},{"@type":"ListItem","position":2,"name":"KungFu"}]},{"@type":"WebSite","@id":"https:\/\/www.kungfuclusone.it\/#website","url":"https:\/\/www.kungfuclusone.it\/","name":"kunfuclusone","description":"Scuola di kungfu a Clusone","potentialAction":[{"@type":"SearchAction","target":{"@type":"EntryPoint","urlTemplate":"https:\/\/www.kungfuclusone.it\/?s={search_term_string}"},"query-input":{"@type":"PropertyValueSpecification","valueRequired":true,"valueName":"search_term_string"}}],"inLanguage":"it-IT"}]}},"_links":{"self":[{"href":"https:\/\/www.kungfuclusone.it\/index.php\/wp-json\/wp\/v2\/pages\/29","targetHints":{"allow":["GET"]}}],"collection":[{"href":"https:\/\/www.kungfuclusone.it\/index.php\/wp-json\/wp\/v2\/pages"}],"about":[{"href":"https:\/\/www.kungfuclusone.it\/index.php\/wp-json\/wp\/v2\/types\/page"}],"author":[{"embeddable":true,"href":"https:\/\/www.kungfuclusone.it\/index.php\/wp-json\/wp\/v2\/users\/1"}],"replies":[{"embeddable":true,"href":"https:\/\/www.kungfuclusone.it\/index.php\/wp-json\/wp\/v2\/comments?post=29"}],"version-history":[{"count":2,"href":"https:\/\/www.kungfuclusone.it\/index.php\/wp-json\/wp\/v2\/pages\/29\/revisions"}],"predecessor-version":[{"id":159,"href":"https:\/\/www.kungfuclusone.it\/index.php\/wp-json\/wp\/v2\/pages\/29\/revisions\/159"}],"wp:attachment":[{"href":"https:\/\/www.kungfuclusone.it\/index.php\/wp-json\/wp\/v2\/media?parent=29"}],"curies":[{"name":"wp","href":"https:\/\/api.w.org\/{rel}","templated":true}]}}